{"id":8,"date":"2022-05-17T16:30:07","date_gmt":"2022-05-17T13:30:07","guid":{"rendered":"http:\/\/www.yasinbozkurt.com\/?page_id=8"},"modified":"2022-05-17T17:45:22","modified_gmt":"2022-05-17T14:45:22","slug":"ana-sayfa","status":"publish","type":"page","link":"http:\/\/www.yasinbozkurt.com\/","title":{"rendered":"Ana sayfa"},"content":{"rendered":"\n<p>Sitemize ho\u015f geldiniz.<\/p>\n\n\n\n<p>Bu site Kars eski milletvekili merhum Yasin Bozkurt\u2019un hat\u0131ras\u0131na o\u011fullar\u0131 taraf\u0131ndan haz\u0131rlanm\u0131\u015ft\u0131r.<\/p>\n","protected":false},"excerpt":{"rendered":"<p>Sitemize ho\u015f geldiniz. Bu site Kars eski milletvekili merhum Yasin Bozkurt\u2019un hat\u0131ras\u0131na o\u011fullar\u0131 taraf\u0131ndan haz\u0131rlanm\u0131\u015ft\u0131r.<\/p>\n","protected":false},"author":1,"featured_media":0,"parent":0,"menu_order":0,"comment_status":"closed","ping_status":"closed","template":"","meta":{"footnotes":""},"class_list":["post-8","page","type-page","status-publish","hentry"],"_links":{"self":[{"href":"http:\/\/www.yasinbozkurt.com\/index.php\/wp-json\/wp\/v2\/pages\/8","targetHints":{"allow":["GET"]}}],"collection":[{"href":"http:\/\/www.yasinbozkurt.com\/index.php\/wp-json\/wp\/v2\/pages"}],"about":[{"href":"http:\/\/www.yasinbozkurt.com\/index.php\/wp-json\/wp\/v2\/types\/page"}],"author":[{"embeddable":true,"href":"http:\/\/www.yasinbozkurt.com\/index.php\/wp-json\/wp\/v2\/users\/1"}],"replies":[{"embeddable":true,"href":"http:\/\/www.yasinbozkurt.com\/index.php\/wp-json\/wp\/v2\/comments?post=8"}],"version-history":[{"count":4,"href":"http:\/\/www.yasinbozkurt.com\/index.php\/wp-json\/wp\/v2\/pages\/8\/revisions"}],"predecessor-version":[{"id":84,"href":"http:\/\/www.yasinbozkurt.com\/index.php\/wp-json\/wp\/v2\/pages\/8\/revisions\/84"}],"wp:attachment":[{"href":"http:\/\/www.yasinbozkurt.com\/index.php\/wp-json\/wp\/v2\/media?parent=8"}],"curies":[{"name":"wp","href":"https:\/\/api.w.org\/{rel}","templated":true}]}}